{"id":20105,"date":"2024-02-15T09:47:26","date_gmt":"2024-02-15T06:47:26","guid":{"rendered":"http:\/\/www.yontur.com.tr\/?page_id=20105"},"modified":"2024-02-15T09:55:03","modified_gmt":"2024-02-15T06:55:03","slug":"hizmetler","status":"publish","type":"page","link":"http:\/\/www.yontur.com.tr\/?page_id=20105","title":{"rendered":"Hizmetler"},"content":{"rendered":"<p><strong>HAVAALANI TRANSFER\u0130\u00a0\u00a0<\/strong><\/p>\n<p><img fetchpriority=\"high\" decoding=\"async\" class=\"alignnone size-medium wp-image-20106\" src=\"http:\/\/www.yontur.com.tr\/wp-content\/uploads\/2024\/02\/airport-3-300x200.jpg\" alt=\"\" width=\"300\" height=\"200\" srcset=\"http:\/\/www.yontur.com.tr\/wp-content\/uploads\/2024\/02\/airport-3-300x200.jpg 300w, http:\/\/www.yontur.com.tr\/wp-content\/uploads\/2024\/02\/airport-3-99x66.jpg 99w, http:\/\/www.yontur.com.tr\/wp-content\/uploads\/2024\/02\/airport-3-195x130.jpg 195w, http:\/\/www.yontur.com.tr\/wp-content\/uploads\/2024\/02\/airport-3-350x233.jpg 350w, http:\/\/www.yontur.com.tr\/wp-content\/uploads\/2024\/02\/airport-3.jpg 669w\" sizes=\"(max-width: 300px) 100vw, 300px\" \/><\/p>\n<p><strong>SHUTTLE TRANSFER<\/strong><\/p>\n<p><img decoding=\"async\" class=\"alignnone size-medium wp-image-20110\" src=\"http:\/\/www.yontur.com.tr\/wp-content\/uploads\/2024\/02\/shuttle-300x200.jpg\" alt=\"\" width=\"300\" height=\"200\" srcset=\"http:\/\/www.yontur.com.tr\/wp-content\/uploads\/2024\/02\/shuttle-300x200.jpg 300w, http:\/\/www.yontur.com.tr\/wp-content\/uploads\/2024\/02\/shuttle-768x512.jpg 768w, http:\/\/www.yontur.com.tr\/wp-content\/uploads\/2024\/02\/shuttle-99x66.jpg 99w, http:\/\/www.yontur.com.tr\/wp-content\/uploads\/2024\/02\/shuttle-195x130.jpg 195w, http:\/\/www.yontur.com.tr\/wp-content\/uploads\/2024\/02\/shuttle-720x480.jpg 720w, http:\/\/www.yontur.com.tr\/wp-content\/uploads\/2024\/02\/shuttle-350x233.jpg 350w, http:\/\/www.yontur.com.tr\/wp-content\/uploads\/2024\/02\/shuttle.jpg 960w\" sizes=\"(max-width: 300px) 100vw, 300px\" \/><\/p>\n<p><strong>PERSONEL TRANSFER\u0130<\/strong><\/p>\n<p><img decoding=\"async\" class=\"alignnone size-medium wp-image-20113\" src=\"http:\/\/www.yontur.com.tr\/wp-content\/uploads\/2024\/02\/yontur-logo-300x253.jpg\" alt=\"\" width=\"300\" height=\"253\" srcset=\"http:\/\/www.yontur.com.tr\/wp-content\/uploads\/2024\/02\/yontur-logo-300x253.jpg 300w, http:\/\/www.yontur.com.tr\/wp-content\/uploads\/2024\/02\/yontur-logo-78x66.jpg 78w, http:\/\/www.yontur.com.tr\/wp-content\/uploads\/2024\/02\/yontur-logo-154x130.jpg 154w, http:\/\/www.yontur.com.tr\/wp-content\/uploads\/2024\/02\/yontur-logo-332x280.jpg 332w, http:\/\/www.yontur.com.tr\/wp-content\/uploads\/2024\/02\/yontur-logo.jpg 400w\" sizes=\"(max-width: 300px) 100vw, 300px\" \/><\/p>\n<p><strong>\u00d6\u011eRENC\u0130 TRANSFER\u0130<\/strong><\/p>\n<p><img loading=\"lazy\" decoding=\"async\" class=\"alignnone size-medium wp-image-20115\" src=\"http:\/\/www.yontur.com.tr\/wp-content\/uploads\/2024\/02\/student-300x300.png\" alt=\"\" width=\"300\" height=\"300\" srcset=\"http:\/\/www.yontur.com.tr\/wp-content\/uploads\/2024\/02\/student-300x300.png 300w, http:\/\/www.yontur.com.tr\/wp-content\/uploads\/2024\/02\/student-150x150.png 150w, http:\/\/www.yontur.com.tr\/wp-content\/uploads\/2024\/02\/student-66x66.png 66w, http:\/\/www.yontur.com.tr\/wp-content\/uploads\/2024\/02\/student-130x130.png 130w, http:\/\/www.yontur.com.tr\/wp-content\/uploads\/2024\/02\/student-280x280.png 280w, http:\/\/www.yontur.com.tr\/wp-content\/uploads\/2024\/02\/student.png 360w\" sizes=\"(max-width: 300px) 100vw, 300px\" \/><\/p>\n<p><strong>V\u0130P TRANSFER<\/strong><\/p>\n<p><img loading=\"lazy\" decoding=\"async\" class=\"alignnone size-medium wp-image-20116\" src=\"http:\/\/www.yontur.com.tr\/wp-content\/uploads\/2024\/02\/vip-300x117.jpg\" alt=\"\" width=\"300\" height=\"117\" srcset=\"http:\/\/www.yontur.com.tr\/wp-content\/uploads\/2024\/02\/vip-300x117.jpg 300w, http:\/\/www.yontur.com.tr\/wp-content\/uploads\/2024\/02\/vip-1024x400.jpg 1024w, http:\/\/www.yontur.com.tr\/wp-content\/uploads\/2024\/02\/vip-768x300.jpg 768w, http:\/\/www.yontur.com.tr\/wp-content\/uploads\/2024\/02\/vip-1536x600.jpg 1536w, http:\/\/www.yontur.com.tr\/wp-content\/uploads\/2024\/02\/vip-117x46.jpg 117w, http:\/\/www.yontur.com.tr\/wp-content\/uploads\/2024\/02\/vip-200x78.jpg 200w, http:\/\/www.yontur.com.tr\/wp-content\/uploads\/2024\/02\/vip-850x332.jpg 850w, http:\/\/www.yontur.com.tr\/wp-content\/uploads\/2024\/02\/vip-350x137.jpg 350w, http:\/\/www.yontur.com.tr\/wp-content\/uploads\/2024\/02\/vip.jpg 1920w\" sizes=\"(max-width: 300px) 100vw, 300px\" \/><\/p>\n","protected":false},"excerpt":{"rendered":"<p>HAVAALANI TRANSFER\u0130\u00a0\u00a0 SHUTTLE TRANSFER PERSONEL TRANSFER\u0130 \u00d6\u011eRENC\u0130 TRANSFER\u0130 V\u0130P TRANSFER<\/p>\n","protected":false},"author":1,"featured_media":0,"parent":0,"menu_order":0,"comment_status":"open","ping_status":"open","template":"","meta":{"footnotes":""},"_links":{"self":[{"href":"http:\/\/www.yontur.com.tr\/index.php?rest_route=\/wp\/v2\/pages\/20105"}],"collection":[{"href":"http:\/\/www.yontur.com.tr\/index.php?rest_route=\/wp\/v2\/pages"}],"about":[{"href":"http:\/\/www.yontur.com.tr\/index.php?rest_route=\/wp\/v2\/types\/page"}],"author":[{"embeddable":true,"href":"http:\/\/www.yontur.com.tr\/index.php?rest_route=\/wp\/v2\/users\/1"}],"replies":[{"embeddable":true,"href":"http:\/\/www.yontur.com.tr\/index.php?rest_route=%2Fwp%2Fv2%2Fcomments&post=20105"}],"version-history":[{"count":6,"href":"http:\/\/www.yontur.com.tr\/index.php?rest_route=\/wp\/v2\/pages\/20105\/revisions"}],"predecessor-version":[{"id":20117,"href":"http:\/\/www.yontur.com.tr\/index.php?rest_route=\/wp\/v2\/pages\/20105\/revisions\/20117"}],"wp:attachment":[{"href":"http:\/\/www.yontur.com.tr\/index.php?rest_route=%2Fwp%2Fv2%2Fmedia&parent=20105"}],"curies":[{"name":"wp","href":"https:\/\/api.w.org\/{rel}","templated":true}]}}